{"id":5026,"date":"2021-06-01T10:30:37","date_gmt":"2021-06-01T08:30:37","guid":{"rendered":"https:\/\/lawyer.invistic-dev.com\/contratacion\/"},"modified":"2025-03-24T09:34:12","modified_gmt":"2025-03-24T08:34:12","slug":"trabaja-para-nosotros","status":"publish","type":"page","link":"https:\/\/lawyer.se\/es\/trabaja-para-nosotros\/","title":{"rendered":"Contrataci\u00f3n"},"content":{"rendered":"\t\t<div data-elementor-type=\"wp-page\" data-elementor-id=\"5026\" class=\"elementor elementor-5026 elementor-1932\" data-elementor-post-type=\"page\">\n\t\t\t\t<div class=\"elementor-element elementor-element-03cf807 e-flex e-con-boxed e-con e-parent\" data-id=\"03cf807\" data-element_type=\"container\" data-e-type=\"container\" data-settings=\"{&quot;background_background&quot;:&quot;classic&quot;}\">\n\t\t\t\t\t<div class=\"e-con-inner\">\n\t\t<div class=\"elementor-element elementor-element-a84c795 gradient-border-2 e-con-full e-flex e-con e-child\" data-id=\"a84c795\" data-element_type=\"container\" data-e-type=\"container\" data-settings=\"{&quot;background_background&quot;:&quot;classic&quot;}\">\n\t\t\t\t<div class=\"elementor-element elementor-element-a4f33a7 elementor-widget__width-initial elementor-widget elementor-widget-heading\" data-id=\"a4f33a7\" data-element_type=\"widget\" data-e-type=\"widget\" data-widget_type=\"heading.default\">\n\t\t\t\t<div class=\"elementor-widget-container\">\n\t\t\t\t\t<h1 class=\"elementor-heading-title elementor-size-default\">Contrataci\u00f3n<\/h1>\t\t\t\t<\/div>\n\t\t\t\t<\/div>\n\t\t\t\t<div class=\"elementor-element elementor-element-ae1aa8c elementor-mobile-align-left btn-w-icon-20 mob-btn-fit elementor-widget elementor-widget-button\" data-id=\"ae1aa8c\" data-element_type=\"widget\" data-e-type=\"widget\" data-widget_type=\"button.default\">\n\t\t\t\t<div class=\"elementor-widget-container\">\n\t\t\t\t\t\t\t\t\t<div class=\"elementor-button-wrapper\">\n\t\t\t\t\t<a class=\"elementor-button elementor-button-link elementor-size-lg\" href=\"https:\/\/lawyer.se\/es\/contactanos\/\">\n\t\t\t\t\t\t<span class=\"elementor-button-content-wrapper\">\n\t\t\t\t\t\t<span class=\"elementor-button-icon\">\n\t\t\t\t<i aria-hidden=\"true\" class=\"fas fa-arrow-right\"><\/i>\t\t\t<\/span>\n\t\t\t\t\t\t\t\t\t<span class=\"elementor-button-text\">CONT\u00c1CTANOS<\/span>\n\t\t\t\t\t<\/span>\n\t\t\t\t\t<\/a>\n\t\t\t\t<\/div>\n\t\t\t\t\t\t\t\t<\/div>\n\t\t\t\t<\/div>\n\t\t\t\t<\/div>\n\t\t\t\t\t<\/div>\n\t\t\t\t<\/div>\n\t\t<div class=\"elementor-element elementor-element-7da5a14 e-flex e-con-boxed e-con e-parent\" data-id=\"7da5a14\" data-element_type=\"container\" data-e-type=\"container\" data-settings=\"{&quot;background_background&quot;:&quot;classic&quot;}\">\n\t\t\t\t\t<div class=\"e-con-inner\">\n\t\t<div class=\"elementor-element elementor-element-01957be e-con-full e-flex e-con e-child\" data-id=\"01957be\" data-element_type=\"container\" data-e-type=\"container\">\n\t\t\t\t<div class=\"elementor-element elementor-element-16172d8 elementor-position-inline-start arrow elementor-view-default elementor-mobile-position-block-start elementor-widget elementor-widget-icon-box\" data-id=\"16172d8\" data-element_type=\"widget\" data-e-type=\"widget\" data-widget_type=\"icon-box.default\">\n\t\t\t\t<div class=\"elementor-widget-container\">\n\t\t\t\t\t\t\t<div class=\"elementor-icon-box-wrapper\">\n\n\t\t\t\t\t\t<div class=\"elementor-icon-box-icon\">\n\t\t\t\t<span  class=\"elementor-icon\">\n\t\t\t\t<svg xmlns=\"http:\/\/www.w3.org\/2000\/svg\" width=\"10.191\" height=\"18.5\" viewBox=\"0 0 10.191 18.5\"><path id=\"Vector_2\" data-name=\"Vector 2\" d=\"M1,14.571H.5v.5H1Zm9,0,.362.345.33-.345-.33-.345ZM7.089,10.8a.5.5,0,0,0-.723.691Zm-.723,6.857a.5.5,0,1,0,.723.69ZM.5,0V14.571h1V0ZM1,15.071h9v-1H1Zm9.362-.845L7.089,10.8l-.723.691,3.273,3.429Zm-.723,0L6.366,17.655l.723.69,3.273-3.428Z\" transform=\"translate(-0.5)\" fill=\"#0c0c0c\"><\/path><\/svg>\t\t\t\t<\/span>\n\t\t\t<\/div>\n\t\t\t\n\t\t\t\t\t\t<div class=\"elementor-icon-box-content\">\n\n\t\t\t\t\n\t\t\t\t\t\t\t\t\t<p class=\"elementor-icon-box-description\">\n\t\t\t\t\t\tEstamos siempre abiertos a nuevos talentos, as\u00ed que si eres un abogado y te gustar\u00eda trabajar de forma remota con un equipo compacto de abogados especializados en la industria de los videojuegos, env\u00edanos un mensaje al respecto.\t\t\t\t\t<\/p>\n\t\t\t\t\n\t\t\t<\/div>\n\t\t\t\n\t\t<\/div>\n\t\t\t\t\t\t<\/div>\n\t\t\t\t<\/div>\n\t\t\t\t<\/div>\n\t\t<div class=\"elementor-element elementor-element-74d7160 e-con-full e-flex e-con e-child\" data-id=\"74d7160\" data-element_type=\"container\" data-e-type=\"container\" data-settings=\"{&quot;background_background&quot;:&quot;classic&quot;}\">\n\t\t\t\t<div class=\"elementor-element elementor-element-fc91c27 elementor-widget elementor-widget-heading\" data-id=\"fc91c27\" data-element_type=\"widget\" data-e-type=\"widget\" data-widget_type=\"heading.default\">\n\t\t\t\t<div class=\"elementor-widget-container\">\n\t\t\t\t\t<h3 class=\"elementor-heading-title elementor-size-default\">Completa tus datos y env\u00edanos tu solicitud:<\/h3>\t\t\t\t<\/div>\n\t\t\t\t<\/div>\n\t\t\t\t<div class=\"elementor-element elementor-element-cf7b7ba elementor-button-align-start white-form elementor-widget elementor-widget-form\" data-id=\"cf7b7ba\" data-element_type=\"widget\" data-e-type=\"widget\" data-settings=\"{&quot;step_next_label&quot;:&quot;P\\u00e1gina siguiente&quot;,&quot;step_previous_label&quot;:&quot;Anterior&quot;,&quot;button_width&quot;:&quot;100&quot;,&quot;step_type&quot;:&quot;number_text&quot;,&quot;step_icon_shape&quot;:&quot;circle&quot;}\" data-widget_type=\"form.default\">\n\t\t\t\t<div class=\"elementor-widget-container\">\n\t\t\t\t\t\t\t<form class=\"elementor-form\" method=\"post\" name=\"Contrataci\u00f3n\" aria-label=\"Contrataci\u00f3n\">\n\t\t\t<input type=\"hidden\" name=\"post_id\" value=\"5026\"\/>\n\t\t\t<input type=\"hidden\" name=\"form_id\" value=\"cf7b7ba\"\/>\n\t\t\t<input type=\"hidden\" name=\"referer_title\" value=\"Trabaja para nosotros | lawyer.se\" \/>\n\n\t\t\t\t\t\t\t<input type=\"hidden\" name=\"queried_id\" value=\"5026\"\/>\n\t\t\t\n\t\t\t<div class=\"elementor-form-fields-wrapper elementor-labels-above\">\n\t\t\t\t\t\t\t\t<div class=\"elementor-field-type-text elementor-field-group elementor-column elementor-field-group-name elementor-col-100\">\n\t\t\t\t\t\t\t\t\t\t\t\t<label for=\"form-field-name\" class=\"elementor-field-label\">\n\t\t\t\t\t\t\t\tNombre\t\t\t\t\t\t\t<\/label>\n\t\t\t\t\t\t\t\t\t\t\t\t\t\t<input size=\"1\" type=\"text\" name=\"form_fields[name]\" id=\"form-field-name\" class=\"elementor-field elementor-size-sm  elementor-field-textual\">\n\t\t\t\t\t\t\t\t\t\t\t<\/div>\n\t\t\t\t\t\t\t\t<div class=\"elementor-field-type-email elementor-field-group elementor-column elementor-field-group-email elementor-col-100 elementor-field-required\">\n\t\t\t\t\t\t\t\t\t\t\t\t<label for=\"form-field-email\" class=\"elementor-field-label\">\n\t\t\t\t\t\t\t\t<br>Correo electr\u00f3nico\t\t\t\t\t\t\t<\/label>\n\t\t\t\t\t\t\t\t\t\t\t\t\t\t<input size=\"1\" type=\"email\" name=\"form_fields[email]\" id=\"form-field-email\" class=\"elementor-field elementor-size-sm  elementor-field-textual\" required=\"required\">\n\t\t\t\t\t\t\t\t\t\t\t<\/div>\n\t\t\t\t\t\t\t\t<div class=\"elementor-field-type-tel elementor-field-group elementor-column elementor-field-group-field_103c884 elementor-col-100 elementor-field-required\">\n\t\t\t\t\t\t\t\t\t\t\t\t<label for=\"form-field-field_103c884\" class=\"elementor-field-label\">\n\t\t\t\t\t\t\t\t<br>N\u00famero de tel\u00e9fono\t\t\t\t\t\t\t<\/label>\n\t\t\t\t\t\t\t\t<input size=\"1\" type=\"tel\" name=\"form_fields[field_103c884]\" id=\"form-field-field_103c884\" class=\"elementor-field elementor-size-sm  elementor-field-textual\" required=\"required\" pattern=\"[0-9()#&amp;+*-=.]+\" title=\"Solo se aceptan n\u00fameros y caracteres de tel\u00e9fono (#,-,*,etc).\">\n\n\t\t\t\t\t\t<\/div>\n\t\t\t\t\t\t\t\t<div class=\"elementor-field-type-textarea elementor-field-group elementor-column elementor-field-group-message elementor-col-100\">\n\t\t\t\t\t\t\t\t\t\t\t\t<label for=\"form-field-message\" class=\"elementor-field-label\">\n\t\t\t\t\t\t\t\t<br>Tu mensaje\t\t\t\t\t\t\t<\/label>\n\t\t\t\t\t\t<textarea class=\"elementor-field-textual elementor-field  elementor-size-sm\" name=\"form_fields[message]\" id=\"form-field-message\" rows=\"4\"><\/textarea>\t\t\t\t<\/div>\n\t\t\t\t\t\t\t\t<div class=\"elementor-field-type-recaptcha elementor-field-group elementor-column elementor-field-group-field_b7e1f35 elementor-col-100\">\n\t\t\t\t\t<div class=\"elementor-field\" id=\"form-field-field_b7e1f35\"><div class=\"elementor-g-recaptcha\" data-sitekey=\"6LdkoB8cAAAAAMoU2HRpoq-FIz-Y3suRvqchMKJO\" data-type=\"v2_checkbox\" data-theme=\"light\" data-size=\"normal\"><\/div><\/div>\t\t\t\t<\/div>\n\t\t\t\t\t\t\t\t<div class=\"elementor-field-group elementor-column elementor-field-type-submit elementor-col-100 e-form__buttons\">\n\t\t\t\t\t<button class=\"elementor-button elementor-size-sm\" type=\"submit\">\n\t\t\t\t\t\t<span class=\"elementor-button-content-wrapper\">\n\t\t\t\t\t\t\t\t\t\t\t\t\t\t\t<span class=\"elementor-button-icon\">\n\t\t\t\t\t\t\t\t\t<i aria-hidden=\"true\" class=\"fas fa-arrow-right\"><\/i>\t\t\t\t\t\t\t\t\t\t\t\t\t\t\t\t\t<\/span>\n\t\t\t\t\t\t\t\t\t\t\t\t\t\t\t\t\t\t\t\t\t\t<span class=\"elementor-button-text\">Enviar<\/span>\n\t\t\t\t\t\t\t\t\t\t\t\t\t<\/span>\n\t\t\t\t\t<\/button>\n\t\t\t\t<\/div>\n\t\t\t<\/div>\n\t\t<\/form>\n\t\t\t\t\t\t<\/div>\n\t\t\t\t<\/div>\n\t\t\t\t<\/div>\n\t\t\t\t\t<\/div>\n\t\t\t\t<\/div>\n\t\t\t\t<\/div>\n\t\t","protected":false},"excerpt":{"rendered":"<p>Contrataci\u00f3n CONT\u00c1CTANOS Estamos siempre abiertos a nuevos talentos, as\u00ed que si eres un abogado y te gustar\u00eda trabajar de forma remota con un equipo compacto de abogados especializados en la industria de los videojuegos, env\u00edanos un mensaje al respecto. Completa tus datos y env\u00edanos tu solicitud:<\/p>\n","protected":false},"author":1,"featured_media":0,"parent":0,"menu_order":0,"comment_status":"closed","ping_status":"closed","template":"","meta":{"_acf_changed":false,"footnotes":""},"class_list":["post-5026","page","type-page","status-publish","hentry"],"acf":[],"yoast_head":"<!-- This site is optimized with the Yoast SEO plugin v27.5 - https:\/\/yoast.com\/product\/yoast-seo-wordpress\/ -->\n<title>Trabaja para nosotros | lawyer.se<\/title>\n<meta name=\"description\" content=\"Siempre estamos felices de conocer a nuevos profesionales que puedan agregar valor a nuestro equipo de abogados especializados en videojuegos. Env\u00edanos tu informaci\u00f3n y post\u00falate.\" \/>\n<meta name=\"robots\" content=\"index, follow, max-snippet:-1, max-image-preview:large, max-video-preview:-1\" \/>\n<link rel=\"canonical\" href=\"https:\/\/lawyer.se\/es\/trabaja-para-nosotros\/\" \/>\n<meta property=\"og:locale\" content=\"es_ES\" \/>\n<meta property=\"og:type\" content=\"article\" \/>\n<meta property=\"og:title\" content=\"Trabaja para nosotros | lawyer.se\" \/>\n<meta property=\"og:description\" content=\"Siempre estamos felices de conocer a nuevos profesionales que puedan agregar valor a nuestro equipo de abogados especializados en videojuegos. Env\u00edanos tu informaci\u00f3n y post\u00falate.\" \/>\n<meta property=\"og:url\" content=\"https:\/\/lawyer.se\/es\/trabaja-para-nosotros\/\" \/>\n<meta property=\"og:site_name\" content=\"Video Game Lawyer\" \/>\n<meta property=\"article:modified_time\" content=\"2025-03-24T08:34:12+00:00\" \/>\n<meta property=\"og:image\" content=\"https:\/\/lawyer.se\/wp-content\/uploads\/2021\/05\/back1.jpg\" \/>\n\t<meta property=\"og:image:width\" content=\"761\" \/>\n\t<meta property=\"og:image:height\" content=\"427\" \/>\n\t<meta property=\"og:image:type\" content=\"image\/jpeg\" \/>\n<meta name=\"twitter:card\" content=\"summary_large_image\" \/>\n<meta name=\"twitter:label1\" content=\"Tiempo de lectura\" \/>\n\t<meta name=\"twitter:data1\" content=\"1 minuto\" \/>\n<script type=\"application\/ld+json\" class=\"yoast-schema-graph\">{\"@context\":\"https:\\\/\\\/schema.org\",\"@graph\":[{\"@type\":\"WebPage\",\"@id\":\"https:\\\/\\\/lawyer.se\\\/es\\\/trabaja-para-nosotros\\\/\",\"url\":\"https:\\\/\\\/lawyer.se\\\/es\\\/trabaja-para-nosotros\\\/\",\"name\":\"Trabaja para nosotros | lawyer.se\",\"isPartOf\":{\"@id\":\"https:\\\/\\\/lawyer.se\\\/es\\\/#website\"},\"datePublished\":\"2021-06-01T08:30:37+00:00\",\"dateModified\":\"2025-03-24T08:34:12+00:00\",\"description\":\"Siempre estamos felices de conocer a nuevos profesionales que puedan agregar valor a nuestro equipo de abogados especializados en videojuegos. Env\u00edanos tu informaci\u00f3n y post\u00falate.\",\"breadcrumb\":{\"@id\":\"https:\\\/\\\/lawyer.se\\\/es\\\/trabaja-para-nosotros\\\/#breadcrumb\"},\"inLanguage\":\"es\",\"potentialAction\":[{\"@type\":\"ReadAction\",\"target\":[\"https:\\\/\\\/lawyer.se\\\/es\\\/trabaja-para-nosotros\\\/\"]}]},{\"@type\":\"BreadcrumbList\",\"@id\":\"https:\\\/\\\/lawyer.se\\\/es\\\/trabaja-para-nosotros\\\/#breadcrumb\",\"itemListElement\":[{\"@type\":\"ListItem\",\"position\":1,\"name\":\"Home\",\"item\":\"https:\\\/\\\/lawyer.se\\\/es\\\/\"},{\"@type\":\"ListItem\",\"position\":2,\"name\":\"Contrataci\u00f3n\"}]},{\"@type\":\"WebSite\",\"@id\":\"https:\\\/\\\/lawyer.se\\\/es\\\/#website\",\"url\":\"https:\\\/\\\/lawyer.se\\\/es\\\/\",\"name\":\"Video Game Lawyer\",\"description\":\"\",\"publisher\":{\"@id\":\"https:\\\/\\\/lawyer.se\\\/es\\\/#organization\"},\"potentialAction\":[{\"@type\":\"SearchAction\",\"target\":{\"@type\":\"EntryPoint\",\"urlTemplate\":\"https:\\\/\\\/lawyer.se\\\/es\\\/?s={search_term_string}\"},\"query-input\":{\"@type\":\"PropertyValueSpecification\",\"valueRequired\":true,\"valueName\":\"search_term_string\"}}],\"inLanguage\":\"es\"},{\"@type\":\"Organization\",\"@id\":\"https:\\\/\\\/lawyer.se\\\/es\\\/#organization\",\"name\":\"Lawyer.se\",\"url\":\"https:\\\/\\\/lawyer.se\\\/es\\\/\",\"logo\":{\"@type\":\"ImageObject\",\"inLanguage\":\"es\",\"@id\":\"https:\\\/\\\/lawyer.se\\\/es\\\/#\\\/schema\\\/logo\\\/image\\\/\",\"url\":\"https:\\\/\\\/lawyer.se\\\/wp-content\\\/uploads\\\/2021\\\/04\\\/lawyer-logo-2021.png\",\"contentUrl\":\"https:\\\/\\\/lawyer.se\\\/wp-content\\\/uploads\\\/2021\\\/04\\\/lawyer-logo-2021.png\",\"width\":240,\"height\":92,\"caption\":\"Lawyer.se\"},\"image\":{\"@id\":\"https:\\\/\\\/lawyer.se\\\/es\\\/#\\\/schema\\\/logo\\\/image\\\/\"}}]}<\/script>\n<!-- \/ Yoast SEO plugin. -->","yoast_head_json":{"title":"Trabaja para nosotros | lawyer.se","description":"Siempre estamos felices de conocer a nuevos profesionales que puedan agregar valor a nuestro equipo de abogados especializados en videojuegos. Env\u00edanos tu informaci\u00f3n y post\u00falate.","robots":{"index":"index","follow":"follow","max-snippet":"max-snippet:-1","max-image-preview":"max-image-preview:large","max-video-preview":"max-video-preview:-1"},"canonical":"https:\/\/lawyer.se\/es\/trabaja-para-nosotros\/","og_locale":"es_ES","og_type":"article","og_title":"Trabaja para nosotros | lawyer.se","og_description":"Siempre estamos felices de conocer a nuevos profesionales que puedan agregar valor a nuestro equipo de abogados especializados en videojuegos. Env\u00edanos tu informaci\u00f3n y post\u00falate.","og_url":"https:\/\/lawyer.se\/es\/trabaja-para-nosotros\/","og_site_name":"Video Game Lawyer","article_modified_time":"2025-03-24T08:34:12+00:00","og_image":[{"width":761,"height":427,"url":"https:\/\/lawyer.se\/wp-content\/uploads\/2021\/05\/back1.jpg","type":"image\/jpeg"}],"twitter_card":"summary_large_image","twitter_misc":{"Tiempo de lectura":"1 minuto"},"schema":{"@context":"https:\/\/schema.org","@graph":[{"@type":"WebPage","@id":"https:\/\/lawyer.se\/es\/trabaja-para-nosotros\/","url":"https:\/\/lawyer.se\/es\/trabaja-para-nosotros\/","name":"Trabaja para nosotros | lawyer.se","isPartOf":{"@id":"https:\/\/lawyer.se\/es\/#website"},"datePublished":"2021-06-01T08:30:37+00:00","dateModified":"2025-03-24T08:34:12+00:00","description":"Siempre estamos felices de conocer a nuevos profesionales que puedan agregar valor a nuestro equipo de abogados especializados en videojuegos. Env\u00edanos tu informaci\u00f3n y post\u00falate.","breadcrumb":{"@id":"https:\/\/lawyer.se\/es\/trabaja-para-nosotros\/#breadcrumb"},"inLanguage":"es","potentialAction":[{"@type":"ReadAction","target":["https:\/\/lawyer.se\/es\/trabaja-para-nosotros\/"]}]},{"@type":"BreadcrumbList","@id":"https:\/\/lawyer.se\/es\/trabaja-para-nosotros\/#breadcrumb","itemListElement":[{"@type":"ListItem","position":1,"name":"Home","item":"https:\/\/lawyer.se\/es\/"},{"@type":"ListItem","position":2,"name":"Contrataci\u00f3n"}]},{"@type":"WebSite","@id":"https:\/\/lawyer.se\/es\/#website","url":"https:\/\/lawyer.se\/es\/","name":"Video Game Lawyer","description":"","publisher":{"@id":"https:\/\/lawyer.se\/es\/#organization"},"potentialAction":[{"@type":"SearchAction","target":{"@type":"EntryPoint","urlTemplate":"https:\/\/lawyer.se\/es\/?s={search_term_string}"},"query-input":{"@type":"PropertyValueSpecification","valueRequired":true,"valueName":"search_term_string"}}],"inLanguage":"es"},{"@type":"Organization","@id":"https:\/\/lawyer.se\/es\/#organization","name":"Lawyer.se","url":"https:\/\/lawyer.se\/es\/","logo":{"@type":"ImageObject","inLanguage":"es","@id":"https:\/\/lawyer.se\/es\/#\/schema\/logo\/image\/","url":"https:\/\/lawyer.se\/wp-content\/uploads\/2021\/04\/lawyer-logo-2021.png","contentUrl":"https:\/\/lawyer.se\/wp-content\/uploads\/2021\/04\/lawyer-logo-2021.png","width":240,"height":92,"caption":"Lawyer.se"},"image":{"@id":"https:\/\/lawyer.se\/es\/#\/schema\/logo\/image\/"}}]}},"_links":{"self":[{"href":"https:\/\/lawyer.se\/es\/wp-json\/wp\/v2\/pages\/5026","targetHints":{"allow":["GET"]}}],"collection":[{"href":"https:\/\/lawyer.se\/es\/wp-json\/wp\/v2\/pages"}],"about":[{"href":"https:\/\/lawyer.se\/es\/wp-json\/wp\/v2\/types\/page"}],"author":[{"embeddable":true,"href":"https:\/\/lawyer.se\/es\/wp-json\/wp\/v2\/users\/1"}],"replies":[{"embeddable":true,"href":"https:\/\/lawyer.se\/es\/wp-json\/wp\/v2\/comments?post=5026"}],"version-history":[{"count":14,"href":"https:\/\/lawyer.se\/es\/wp-json\/wp\/v2\/pages\/5026\/revisions"}],"predecessor-version":[{"id":5512,"href":"https:\/\/lawyer.se\/es\/wp-json\/wp\/v2\/pages\/5026\/revisions\/5512"}],"wp:attachment":[{"href":"https:\/\/lawyer.se\/es\/wp-json\/wp\/v2\/media?parent=5026"}],"curies":[{"name":"wp","href":"https:\/\/api.w.org\/{rel}","templated":true}]}}