{"id":5016,"date":"2021-05-26T10:55:58","date_gmt":"2021-05-26T08:55:58","guid":{"rendered":"https:\/\/lawyer.invistic-dev.com\/soluciones-de-conflictos\/"},"modified":"2024-10-22T09:27:56","modified_gmt":"2024-10-22T07:27:56","slug":"soluciones-de-conflictos","status":"publish","type":"page","link":"https:\/\/lawyer.se\/es\/soluciones-de-conflictos\/","title":{"rendered":"Soluciones de Conflictos"},"content":{"rendered":"\t\t<div data-elementor-type=\"wp-page\" data-elementor-id=\"5016\" class=\"elementor elementor-5016 elementor-1739\" data-elementor-post-type=\"page\">\n\t\t\t\t<div class=\"elementor-element elementor-element-c92eb35 e-flex e-con-boxed e-con e-parent\" data-id=\"c92eb35\" data-element_type=\"container\" data-e-type=\"container\" data-settings=\"{&quot;background_background&quot;:&quot;classic&quot;}\">\n\t\t\t\t\t<div class=\"e-con-inner\">\n\t\t<div class=\"elementor-element elementor-element-bdce068 gradient-border-2 e-con-full e-flex e-con e-child\" data-id=\"bdce068\" data-element_type=\"container\" data-e-type=\"container\" data-settings=\"{&quot;background_background&quot;:&quot;classic&quot;}\">\n\t\t<div class=\"elementor-element elementor-element-e1dff61 e-con-full e-flex e-con e-child\" data-id=\"e1dff61\" data-element_type=\"container\" data-e-type=\"container\">\n\t\t\t\t<div class=\"elementor-element elementor-element-b6d6f96 elementor-widget__width-initial elementor-widget elementor-widget-image\" data-id=\"b6d6f96\" data-element_type=\"widget\" data-e-type=\"widget\" data-widget_type=\"image.default\">\n\t\t\t\t<div class=\"elementor-widget-container\">\n\t\t\t\t\t\t\t\t\t\t\t\t\t\t\t<img decoding=\"async\" width=\"84\" height=\"84\" src=\"https:\/\/lawyer.se\/wp-content\/uploads\/2024\/05\/Group-306.png\" class=\"attachment-large size-large wp-image-4936\" alt=\"Group 306\" \/>\t\t\t\t\t\t\t\t\t\t\t\t\t\t\t<\/div>\n\t\t\t\t<\/div>\n\t\t\t\t<div class=\"elementor-element elementor-element-a4f0415 elementor-widget__width-initial elementor-widget elementor-widget-heading\" data-id=\"a4f0415\" data-element_type=\"widget\" data-e-type=\"widget\" data-widget_type=\"heading.default\">\n\t\t\t\t<div class=\"elementor-widget-container\">\n\t\t\t\t\t<h1 class=\"elementor-heading-title elementor-size-default\">Soluciones de Conflictos<\/h1>\t\t\t\t<\/div>\n\t\t\t\t<\/div>\n\t\t\t\t<\/div>\n\t\t\t\t<div class=\"elementor-element elementor-element-ab5b7b7 elementor-mobile-align-left btn-w-icon-20 mob-btn-fit elementor-widget elementor-widget-button\" data-id=\"ab5b7b7\" data-element_type=\"widget\" data-e-type=\"widget\" data-widget_type=\"button.default\">\n\t\t\t\t<div class=\"elementor-widget-container\">\n\t\t\t\t\t\t\t\t\t<div class=\"elementor-button-wrapper\">\n\t\t\t\t\t<a class=\"elementor-button elementor-button-link elementor-size-lg\" href=\"https:\/\/lawyer.se\/contact\/\">\n\t\t\t\t\t\t<span class=\"elementor-button-content-wrapper\">\n\t\t\t\t\t\t<span class=\"elementor-button-icon\">\n\t\t\t\t<i aria-hidden=\"true\" class=\"fas fa-arrow-right\"><\/i>\t\t\t<\/span>\n\t\t\t\t\t\t\t\t\t<span class=\"elementor-button-text\">CONT\u00c1CTANOS<\/span>\n\t\t\t\t\t<\/span>\n\t\t\t\t\t<\/a>\n\t\t\t\t<\/div>\n\t\t\t\t\t\t\t\t<\/div>\n\t\t\t\t<\/div>\n\t\t\t\t<\/div>\n\t\t\t\t\t<\/div>\n\t\t\t\t<\/div>\n\t\t<div class=\"elementor-element elementor-element-93612cf e-flex e-con-boxed e-con e-parent\" data-id=\"93612cf\" data-element_type=\"container\" data-e-type=\"container\" data-settings=\"{&quot;background_background&quot;:&quot;classic&quot;}\">\n\t\t\t\t\t<div class=\"e-con-inner\">\n\t\t<div class=\"elementor-element elementor-element-42ba0d9 e-con-full e-flex e-con e-child\" data-id=\"42ba0d9\" data-element_type=\"container\" data-e-type=\"container\">\n\t\t\t\t<div class=\"elementor-element elementor-element-304ba91 elementor-position-inline-start arrow elementor-mobile-position-inline-start elementor-view-default elementor-widget elementor-widget-icon-box\" data-id=\"304ba91\" data-element_type=\"widget\" data-e-type=\"widget\" data-widget_type=\"icon-box.default\">\n\t\t\t\t<div class=\"elementor-widget-container\">\n\t\t\t\t\t\t\t<div class=\"elementor-icon-box-wrapper\">\n\n\t\t\t\t\t\t<div class=\"elementor-icon-box-icon\">\n\t\t\t\t<span  class=\"elementor-icon\">\n\t\t\t\t<svg xmlns=\"http:\/\/www.w3.org\/2000\/svg\" width=\"10.191\" height=\"18.5\" viewBox=\"0 0 10.191 18.5\"><path id=\"Vector_2\" data-name=\"Vector 2\" d=\"M1,14.571H.5v.5H1Zm9,0,.362.345.33-.345-.33-.345ZM7.089,10.8a.5.5,0,0,0-.723.691Zm-.723,6.857a.5.5,0,1,0,.723.69ZM.5,0V14.571h1V0ZM1,15.071h9v-1H1Zm9.362-.845L7.089,10.8l-.723.691,3.273,3.429Zm-.723,0L6.366,17.655l.723.69,3.273-3.428Z\" transform=\"translate(-0.5)\" fill=\"#0c0c0c\"><\/path><\/svg>\t\t\t\t<\/span>\n\t\t\t<\/div>\n\t\t\t\n\t\t\t\t\t\t<div class=\"elementor-icon-box-content\">\n\n\t\t\t\t\n\t\t\t\t\t\t\t\t\t<p class=\"elementor-icon-box-description\">\n\t\t\t\t\t\t <strong>Notificaciones de Retiro<\/strong><br>A veces, las partes est\u00e1n en disputa sobre si un videojuego infringe los derechos de propiedad intelectual de otra parte o de terceros. Asesoramos a nuestros clientes sobre soluciones de conflictos. Enviamos notificaciones de retiro a plataformas y canales de videojuegos cuando nosotros y nuestro cliente consideramos que otro videojuego infringe los derechos de propiedad intelectual del cliente. Tambi\u00e9n asesoramos y actuamos en nombre de los clientes cuando reciben notificaciones de retiro contra sus juegos.<br>    \t\t\t\t\t<\/p>\n\t\t\t\t\n\t\t\t<\/div>\n\t\t\t\n\t\t<\/div>\n\t\t\t\t\t\t<\/div>\n\t\t\t\t<\/div>\n\t\t\t\t<div class=\"elementor-element elementor-element-c8d4073 elementor-position-inline-start arrow elementor-mobile-position-inline-start elementor-view-default elementor-widget elementor-widget-icon-box\" data-id=\"c8d4073\" data-element_type=\"widget\" data-e-type=\"widget\" data-widget_type=\"icon-box.default\">\n\t\t\t\t<div class=\"elementor-widget-container\">\n\t\t\t\t\t\t\t<div class=\"elementor-icon-box-wrapper\">\n\n\t\t\t\t\t\t<div class=\"elementor-icon-box-icon\">\n\t\t\t\t<span  class=\"elementor-icon\">\n\t\t\t\t<svg xmlns=\"http:\/\/www.w3.org\/2000\/svg\" width=\"10.191\" height=\"18.5\" viewBox=\"0 0 10.191 18.5\"><path id=\"Vector_2\" data-name=\"Vector 2\" d=\"M1,14.571H.5v.5H1Zm9,0,.362.345.33-.345-.33-.345ZM7.089,10.8a.5.5,0,0,0-.723.691Zm-.723,6.857a.5.5,0,1,0,.723.69ZM.5,0V14.571h1V0ZM1,15.071h9v-1H1Zm9.362-.845L7.089,10.8l-.723.691,3.273,3.429Zm-.723,0L6.366,17.655l.723.69,3.273-3.428Z\" transform=\"translate(-0.5)\" fill=\"#0c0c0c\"><\/path><\/svg>\t\t\t\t<\/span>\n\t\t\t<\/div>\n\t\t\t\n\t\t\t\t\t\t<div class=\"elementor-icon-box-content\">\n\n\t\t\t\t\n\t\t\t\t\t\t\t\t\t<p class=\"elementor-icon-box-description\">\n\t\t\t\t\t\t <strong>Cartas de Cese y Desista<\/strong><br>Ante la infracci\u00f3n de los derechos de propiedad intelectual de un cliente, enviamos cartas de cese y desista a las partes infractoras y ayudamos a nuestros clientes a obstaculizar a dichas partes infractoras. Tambi\u00e9n asistimos a los clientes cuando reciben cartas de cese y desista. El contenido y formato de estas cartas es un asunto delicado que requiere experiencia y conocimiento. Ayudamos al cliente a asegurarse de que no se encuentre en una situaci\u00f3n que pueda acarrear problemas legales adicionales debido a las cartas y otras comunicaciones.<br>    \t\t\t\t\t<\/p>\n\t\t\t\t\n\t\t\t<\/div>\n\t\t\t\n\t\t<\/div>\n\t\t\t\t\t\t<\/div>\n\t\t\t\t<\/div>\n\t\t\t\t<\/div>\n\t\t<div class=\"elementor-element elementor-element-269e25b e-con-full e-flex e-con e-child\" data-id=\"269e25b\" data-element_type=\"container\" data-e-type=\"container\">\n\t\t\t\t<div class=\"elementor-element elementor-element-daf8b25 elementor-position-inline-start arrow elementor-mobile-position-inline-start elementor-view-default elementor-widget elementor-widget-icon-box\" data-id=\"daf8b25\" data-element_type=\"widget\" data-e-type=\"widget\" data-widget_type=\"icon-box.default\">\n\t\t\t\t<div class=\"elementor-widget-container\">\n\t\t\t\t\t\t\t<div class=\"elementor-icon-box-wrapper\">\n\n\t\t\t\t\t\t<div class=\"elementor-icon-box-icon\">\n\t\t\t\t<span  class=\"elementor-icon\">\n\t\t\t\t<svg xmlns=\"http:\/\/www.w3.org\/2000\/svg\" width=\"10.191\" height=\"18.5\" viewBox=\"0 0 10.191 18.5\"><path id=\"Vector_2\" data-name=\"Vector 2\" d=\"M1,14.571H.5v.5H1Zm9,0,.362.345.33-.345-.33-.345ZM7.089,10.8a.5.5,0,0,0-.723.691Zm-.723,6.857a.5.5,0,1,0,.723.69ZM.5,0V14.571h1V0ZM1,15.071h9v-1H1Zm9.362-.845L7.089,10.8l-.723.691,3.273,3.429Zm-.723,0L6.366,17.655l.723.69,3.273-3.428Z\" transform=\"translate(-0.5)\" fill=\"#0c0c0c\"><\/path><\/svg>\t\t\t\t<\/span>\n\t\t\t<\/div>\n\t\t\t\n\t\t\t\t\t\t<div class=\"elementor-icon-box-content\">\n\n\t\t\t\t\n\t\t\t\t\t\t\t\t\t<p class=\"elementor-icon-box-description\">\n\t\t\t\t\t\t <strong>Negociaciones de Acuerdo<\/strong><br>Cuando surge un conflicto entre un cliente y un editor de videojuegos, desarrollador u otra parte, asesoramos a nuestros clientes sobre alternativas de soluci\u00f3n de conflictos, negociamos acuerdos de conciliaci\u00f3n y acuerdos de terminaci\u00f3n, entre otros. A menudo, nuestro conocimiento y experiencia, as\u00ed como la historia con la otra parte, tienden a ayudar a orquestar un acuerdo favorable para el cliente. En la mayor\u00eda de los casos, el conflicto puede resolverse mediante negociaciones de acuerdo despu\u00e9s de negociaciones de buena fe.<br>   \t\t\t\t\t<\/p>\n\t\t\t\t\n\t\t\t<\/div>\n\t\t\t\n\t\t<\/div>\n\t\t\t\t\t\t<\/div>\n\t\t\t\t<\/div>\n\t\t\t\t<div class=\"elementor-element elementor-element-d3c9839 elementor-position-inline-start arrow elementor-mobile-position-inline-start elementor-view-default elementor-widget elementor-widget-icon-box\" data-id=\"d3c9839\" data-element_type=\"widget\" data-e-type=\"widget\" data-widget_type=\"icon-box.default\">\n\t\t\t\t<div class=\"elementor-widget-container\">\n\t\t\t\t\t\t\t<div class=\"elementor-icon-box-wrapper\">\n\n\t\t\t\t\t\t<div class=\"elementor-icon-box-icon\">\n\t\t\t\t<span  class=\"elementor-icon\">\n\t\t\t\t<svg xmlns=\"http:\/\/www.w3.org\/2000\/svg\" width=\"10.191\" height=\"18.5\" viewBox=\"0 0 10.191 18.5\"><path id=\"Vector_2\" data-name=\"Vector 2\" d=\"M1,14.571H.5v.5H1Zm9,0,.362.345.33-.345-.33-.345ZM7.089,10.8a.5.5,0,0,0-.723.691Zm-.723,6.857a.5.5,0,1,0,.723.69ZM.5,0V14.571h1V0ZM1,15.071h9v-1H1Zm9.362-.845L7.089,10.8l-.723.691,3.273,3.429Zm-.723,0L6.366,17.655l.723.69,3.273-3.428Z\" transform=\"translate(-0.5)\" fill=\"#0c0c0c\"><\/path><\/svg>\t\t\t\t<\/span>\n\t\t\t<\/div>\n\t\t\t\n\t\t\t\t\t\t<div class=\"elementor-icon-box-content\">\n\n\t\t\t\t\n\t\t\t\t\t\t\t\t\t<p class=\"elementor-icon-box-description\">\n\t\t\t\t\t\t <strong>Procedimientos Judiciales<\/strong><br>A veces, un conflicto no puede resolverse mediante negociaciones de buena fe y las partes necesitan que un tribunal o un tribunal de arbitraje decida sobre la disputa. En Lawyer.se normalmente no manejamos procedimientos judiciales, pero contamos con abogados en nuestra red que utilizamos para tales asuntos legales. Ayudamos al cliente a obtener el mejor abogado posible en la ubicaci\u00f3n del conflicto y tambi\u00e9n a obtener una soluci\u00f3n favorable para el caso judicial, es decir, un acuerdo entre las partes en buenos t\u00e9rminos para el cliente.<br> <br>    \t\t\t\t\t<\/p>\n\t\t\t\t\n\t\t\t<\/div>\n\t\t\t\n\t\t<\/div>\n\t\t\t\t\t\t<\/div>\n\t\t\t\t<\/div>\n\t\t\t\t<\/div>\n\t\t\t\t\t<\/div>\n\t\t\t\t<\/div>\n\t\t<div class=\"elementor-element elementor-element-602944e e-con-full e-flex e-con e-parent\" data-id=\"602944e\" data-element_type=\"container\" data-e-type=\"container\">\n\t\t\t\t<div class=\"elementor-element elementor-element-615a0a4 elementor-widget elementor-widget-template\" data-id=\"615a0a4\" data-element_type=\"widget\" data-e-type=\"widget\" data-widget_type=\"template.default\">\n\t\t\t\t<div class=\"elementor-widget-container\">\n\t\t\t\t\t\t\t<div class=\"elementor-template\">\n\t\t\t\t\t<div data-elementor-type=\"section\" data-elementor-id=\"5056\" class=\"elementor elementor-5056 elementor-3373 elementor-3373\" data-elementor-post-type=\"elementor_library\">\n\t\t\t<div class=\"elementor-element elementor-element-9448d7c e-flex e-con-boxed e-con e-parent\" data-id=\"9448d7c\" data-element_type=\"container\" data-e-type=\"container\" data-settings=\"{&quot;background_background&quot;:&quot;classic&quot;}\">\n\t\t\t\t\t<div class=\"e-con-inner\">\n\t\t\t\t<div class=\"elementor-element elementor-element-2458bf7 elementor-widget elementor-widget-heading\" data-id=\"2458bf7\" data-element_type=\"widget\" data-e-type=\"widget\" data-widget_type=\"heading.default\">\n\t\t\t\t<div class=\"elementor-widget-container\">\n\t\t\t\t\t<h2 class=\"elementor-heading-title elementor-size-default\">CONT\u00c1CTANOS<\/h2>\t\t\t\t<\/div>\n\t\t\t\t<\/div>\n\t\t\t\t<div class=\"elementor-element elementor-element-a784449 elementor-button-align-center elementor-widget elementor-widget-form\" data-id=\"a784449\" data-element_type=\"widget\" data-e-type=\"widget\" data-settings=\"{&quot;step_next_label&quot;:&quot;Next&quot;,&quot;step_previous_label&quot;:&quot;Previous&quot;,&quot;button_width&quot;:&quot;100&quot;,&quot;step_type&quot;:&quot;number_text&quot;,&quot;step_icon_shape&quot;:&quot;circle&quot;}\" data-widget_type=\"form.default\">\n\t\t\t\t<div class=\"elementor-widget-container\">\n\t\t\t\t\t\t\t<form class=\"elementor-form\" method=\"post\" name=\"Homepage\" aria-label=\"Homepage\">\n\t\t\t<input type=\"hidden\" name=\"post_id\" value=\"5056\"\/>\n\t\t\t<input type=\"hidden\" name=\"form_id\" value=\"a784449\"\/>\n\t\t\t<input type=\"hidden\" name=\"referer_title\" value=\"Video Game Lawyer\" \/>\n\n\t\t\t\n\t\t\t<div class=\"elementor-form-fields-wrapper elementor-labels-above\">\n\t\t\t\t\t\t\t\t<div class=\"elementor-field-type-text elementor-field-group elementor-column elementor-field-group-name elementor-col-100\">\n\t\t\t\t\t\t\t\t\t\t\t\t<label for=\"form-field-name\" class=\"elementor-field-label\">\n\t\t\t\t\t\t\t\tNombre\t\t\t\t\t\t\t<\/label>\n\t\t\t\t\t\t\t\t\t\t\t\t\t\t<input size=\"1\" type=\"text\" name=\"form_fields[name]\" id=\"form-field-name\" class=\"elementor-field elementor-size-sm  elementor-field-textual\">\n\t\t\t\t\t\t\t\t\t\t\t<\/div>\n\t\t\t\t\t\t\t\t<div class=\"elementor-field-type-email elementor-field-group elementor-column elementor-field-group-email elementor-col-100 elementor-field-required\">\n\t\t\t\t\t\t\t\t\t\t\t\t<label for=\"form-field-email\" class=\"elementor-field-label\">\n\t\t\t\t\t\t\t\tCorreo electr\u00f3nico\t\t\t\t\t\t\t<\/label>\n\t\t\t\t\t\t\t\t\t\t\t\t\t\t<input size=\"1\" type=\"email\" name=\"form_fields[email]\" id=\"form-field-email\" class=\"elementor-field elementor-size-sm  elementor-field-textual\" required=\"required\">\n\t\t\t\t\t\t\t\t\t\t\t<\/div>\n\t\t\t\t\t\t\t\t<div class=\"elementor-field-type-tel elementor-field-group elementor-column elementor-field-group-field_103c884 elementor-col-100 elementor-field-required\">\n\t\t\t\t\t\t\t\t\t\t\t\t<label for=\"form-field-field_103c884\" class=\"elementor-field-label\">\n\t\t\t\t\t\t\t\tN\u00famero de tel\u00e9fono\t\t\t\t\t\t\t<\/label>\n\t\t\t\t\t\t\t\t<input size=\"1\" type=\"tel\" name=\"form_fields[field_103c884]\" id=\"form-field-field_103c884\" class=\"elementor-field elementor-size-sm  elementor-field-textual\" required=\"required\" pattern=\"[0-9()#&amp;+*-=.]+\" title=\"Solo se aceptan n\u00fameros y caracteres de tel\u00e9fono (#,-,*,etc).\">\n\n\t\t\t\t\t\t<\/div>\n\t\t\t\t\t\t\t\t<div class=\"elementor-field-type-textarea elementor-field-group elementor-column elementor-field-group-message elementor-col-100\">\n\t\t\t\t\t\t\t\t\t\t\t\t<label for=\"form-field-message\" class=\"elementor-field-label\">\n\t\t\t\t\t\t\t\tTu mensaje\t\t\t\t\t\t\t<\/label>\n\t\t\t\t\t\t<textarea class=\"elementor-field-textual elementor-field  elementor-size-sm\" name=\"form_fields[message]\" id=\"form-field-message\" rows=\"4\"><\/textarea>\t\t\t\t<\/div>\n\t\t\t\t\t\t\t\t<div class=\"elementor-field-type-recaptcha_v3 elementor-field-group elementor-column elementor-field-group-field_2f9a35d elementor-col-100 recaptcha_v3-inline\">\n\t\t\t\t\t<div class=\"elementor-field\" id=\"form-field-field_2f9a35d\"><div class=\"elementor-g-recaptcha\" data-sitekey=\"6LfqCsUfAAAAAPHvWnS5NKvJiMheZO2Fp8AQ8kAU\" data-type=\"v3\" data-action=\"Form\" data-badge=\"inline\" data-size=\"invisible\"><\/div><\/div>\t\t\t\t<\/div>\n\t\t\t\t\t\t\t\t<div class=\"elementor-field-group elementor-column elementor-field-type-submit elementor-col-100 e-form__buttons\">\n\t\t\t\t\t<button class=\"elementor-button elementor-size-sm\" type=\"submit\">\n\t\t\t\t\t\t<span class=\"elementor-button-content-wrapper\">\n\t\t\t\t\t\t\t\t\t\t\t\t\t\t\t<span class=\"elementor-button-icon\">\n\t\t\t\t\t\t\t\t\t<i aria-hidden=\"true\" class=\"fas fa-arrow-right\"><\/i>\t\t\t\t\t\t\t\t\t\t\t\t\t\t\t\t\t<\/span>\n\t\t\t\t\t\t\t\t\t\t\t\t\t\t\t\t\t\t\t\t\t\t<span class=\"elementor-button-text\">Enviar<\/span>\n\t\t\t\t\t\t\t\t\t\t\t\t\t<\/span>\n\t\t\t\t\t<\/button>\n\t\t\t\t<\/div>\n\t\t\t<\/div>\n\t\t<\/form>\n\t\t\t\t\t\t<\/div>\n\t\t\t\t<\/div>\n\t\t\t\t\t<\/div>\n\t\t\t\t<\/div>\n\t\t\t\t<\/div>\n\t\t\t\t<\/div>\n\t\t\t\t\t\t<\/div>\n\t\t\t\t<\/div>\n\t\t\t\t<\/div>\n\t\t\t\t<\/div>\n\t\t","protected":false},"excerpt":{"rendered":"<p>Soluciones de Conflictos CONT\u00c1CTANOS Notificaciones de RetiroA veces, las partes est\u00e1n en disputa sobre si un videojuego infringe los derechos de propiedad intelectual de otra parte o de terceros. Asesoramos a nuestros clientes sobre soluciones de conflictos. Enviamos notificaciones de retiro a plataformas y canales de videojuegos cuando nosotros y nuestro cliente consideramos que otro [&hellip;]<\/p>\n","protected":false},"author":1,"featured_media":0,"parent":0,"menu_order":0,"comment_status":"closed","ping_status":"closed","template":"","meta":{"_acf_changed":false,"footnotes":""},"class_list":["post-5016","page","type-page","status-publish","hentry"],"acf":[],"yoast_head":"<!-- This site is optimized with the Yoast SEO plugin v27.5 - https:\/\/yoast.com\/product\/yoast-seo-wordpress\/ -->\n<title>Soluciones de Conflictos | lawyer.se<\/title>\n<meta name=\"description\" content=\"Cuando ocurre un conflicto entre un cliente y un editor de videojuegos, desarrollador u otra parte, nuestro conocimiento y experiencia son valiosos.\" \/>\n<meta name=\"robots\" content=\"index, follow, max-snippet:-1, max-image-preview:large, max-video-preview:-1\" \/>\n<link rel=\"canonical\" href=\"https:\/\/lawyer.se\/es\/soluciones-de-conflictos\/\" \/>\n<meta property=\"og:locale\" content=\"es_ES\" \/>\n<meta property=\"og:type\" content=\"article\" \/>\n<meta property=\"og:title\" content=\"Soluciones de Conflictos | lawyer.se\" \/>\n<meta property=\"og:description\" content=\"Cuando ocurre un conflicto entre un cliente y un editor de videojuegos, desarrollador u otra parte, nuestro conocimiento y experiencia son valiosos.\" \/>\n<meta property=\"og:url\" content=\"https:\/\/lawyer.se\/es\/soluciones-de-conflictos\/\" \/>\n<meta property=\"og:site_name\" content=\"Video Game Lawyer\" \/>\n<meta property=\"article:modified_time\" content=\"2024-10-22T07:27:56+00:00\" \/>\n<meta property=\"og:image\" content=\"https:\/\/lawyer.se\/wp-content\/uploads\/2024\/05\/Group-306.png\" \/>\n\t<meta property=\"og:image:width\" content=\"84\" \/>\n\t<meta property=\"og:image:height\" content=\"84\" \/>\n\t<meta property=\"og:image:type\" content=\"image\/png\" \/>\n<meta name=\"twitter:card\" content=\"summary_large_image\" \/>\n<meta name=\"twitter:label1\" content=\"Tiempo de lectura\" \/>\n\t<meta name=\"twitter:data1\" content=\"1 minuto\" \/>\n<script type=\"application\/ld+json\" class=\"yoast-schema-graph\">{\"@context\":\"https:\\\/\\\/schema.org\",\"@graph\":[{\"@type\":\"WebPage\",\"@id\":\"https:\\\/\\\/lawyer.se\\\/es\\\/soluciones-de-conflictos\\\/\",\"url\":\"https:\\\/\\\/lawyer.se\\\/es\\\/soluciones-de-conflictos\\\/\",\"name\":\"Soluciones de Conflictos | lawyer.se\",\"isPartOf\":{\"@id\":\"https:\\\/\\\/lawyer.se\\\/es\\\/#website\"},\"primaryImageOfPage\":{\"@id\":\"https:\\\/\\\/lawyer.se\\\/es\\\/soluciones-de-conflictos\\\/#primaryimage\"},\"image\":{\"@id\":\"https:\\\/\\\/lawyer.se\\\/es\\\/soluciones-de-conflictos\\\/#primaryimage\"},\"thumbnailUrl\":\"https:\\\/\\\/lawyer.se\\\/wp-content\\\/uploads\\\/2024\\\/05\\\/Group-306.png\",\"datePublished\":\"2021-05-26T08:55:58+00:00\",\"dateModified\":\"2024-10-22T07:27:56+00:00\",\"description\":\"Cuando ocurre un conflicto entre un cliente y un editor de videojuegos, desarrollador u otra parte, nuestro conocimiento y experiencia son valiosos.\",\"breadcrumb\":{\"@id\":\"https:\\\/\\\/lawyer.se\\\/es\\\/soluciones-de-conflictos\\\/#breadcrumb\"},\"inLanguage\":\"es\",\"potentialAction\":[{\"@type\":\"ReadAction\",\"target\":[\"https:\\\/\\\/lawyer.se\\\/es\\\/soluciones-de-conflictos\\\/\"]}]},{\"@type\":\"ImageObject\",\"inLanguage\":\"es\",\"@id\":\"https:\\\/\\\/lawyer.se\\\/es\\\/soluciones-de-conflictos\\\/#primaryimage\",\"url\":\"https:\\\/\\\/lawyer.se\\\/wp-content\\\/uploads\\\/2024\\\/05\\\/Group-306.png\",\"contentUrl\":\"https:\\\/\\\/lawyer.se\\\/wp-content\\\/uploads\\\/2024\\\/05\\\/Group-306.png\"},{\"@type\":\"BreadcrumbList\",\"@id\":\"https:\\\/\\\/lawyer.se\\\/es\\\/soluciones-de-conflictos\\\/#breadcrumb\",\"itemListElement\":[{\"@type\":\"ListItem\",\"position\":1,\"name\":\"Home\",\"item\":\"https:\\\/\\\/lawyer.se\\\/es\\\/\"},{\"@type\":\"ListItem\",\"position\":2,\"name\":\"Soluciones de Conflictos\"}]},{\"@type\":\"WebSite\",\"@id\":\"https:\\\/\\\/lawyer.se\\\/es\\\/#website\",\"url\":\"https:\\\/\\\/lawyer.se\\\/es\\\/\",\"name\":\"Video Game Lawyer\",\"description\":\"\",\"publisher\":{\"@id\":\"https:\\\/\\\/lawyer.se\\\/es\\\/#organization\"},\"potentialAction\":[{\"@type\":\"SearchAction\",\"target\":{\"@type\":\"EntryPoint\",\"urlTemplate\":\"https:\\\/\\\/lawyer.se\\\/es\\\/?s={search_term_string}\"},\"query-input\":{\"@type\":\"PropertyValueSpecification\",\"valueRequired\":true,\"valueName\":\"search_term_string\"}}],\"inLanguage\":\"es\"},{\"@type\":\"Organization\",\"@id\":\"https:\\\/\\\/lawyer.se\\\/es\\\/#organization\",\"name\":\"Lawyer.se\",\"url\":\"https:\\\/\\\/lawyer.se\\\/es\\\/\",\"logo\":{\"@type\":\"ImageObject\",\"inLanguage\":\"es\",\"@id\":\"https:\\\/\\\/lawyer.se\\\/es\\\/#\\\/schema\\\/logo\\\/image\\\/\",\"url\":\"https:\\\/\\\/lawyer.se\\\/wp-content\\\/uploads\\\/2021\\\/04\\\/lawyer-logo-2021.png\",\"contentUrl\":\"https:\\\/\\\/lawyer.se\\\/wp-content\\\/uploads\\\/2021\\\/04\\\/lawyer-logo-2021.png\",\"width\":240,\"height\":92,\"caption\":\"Lawyer.se\"},\"image\":{\"@id\":\"https:\\\/\\\/lawyer.se\\\/es\\\/#\\\/schema\\\/logo\\\/image\\\/\"}}]}<\/script>\n<!-- \/ Yoast SEO plugin. -->","yoast_head_json":{"title":"Soluciones de Conflictos | lawyer.se","description":"Cuando ocurre un conflicto entre un cliente y un editor de videojuegos, desarrollador u otra parte, nuestro conocimiento y experiencia son valiosos.","robots":{"index":"index","follow":"follow","max-snippet":"max-snippet:-1","max-image-preview":"max-image-preview:large","max-video-preview":"max-video-preview:-1"},"canonical":"https:\/\/lawyer.se\/es\/soluciones-de-conflictos\/","og_locale":"es_ES","og_type":"article","og_title":"Soluciones de Conflictos | lawyer.se","og_description":"Cuando ocurre un conflicto entre un cliente y un editor de videojuegos, desarrollador u otra parte, nuestro conocimiento y experiencia son valiosos.","og_url":"https:\/\/lawyer.se\/es\/soluciones-de-conflictos\/","og_site_name":"Video Game Lawyer","article_modified_time":"2024-10-22T07:27:56+00:00","og_image":[{"width":84,"height":84,"url":"https:\/\/lawyer.se\/wp-content\/uploads\/2024\/05\/Group-306.png","type":"image\/png"}],"twitter_card":"summary_large_image","twitter_misc":{"Tiempo de lectura":"1 minuto"},"schema":{"@context":"https:\/\/schema.org","@graph":[{"@type":"WebPage","@id":"https:\/\/lawyer.se\/es\/soluciones-de-conflictos\/","url":"https:\/\/lawyer.se\/es\/soluciones-de-conflictos\/","name":"Soluciones de Conflictos | lawyer.se","isPartOf":{"@id":"https:\/\/lawyer.se\/es\/#website"},"primaryImageOfPage":{"@id":"https:\/\/lawyer.se\/es\/soluciones-de-conflictos\/#primaryimage"},"image":{"@id":"https:\/\/lawyer.se\/es\/soluciones-de-conflictos\/#primaryimage"},"thumbnailUrl":"https:\/\/lawyer.se\/wp-content\/uploads\/2024\/05\/Group-306.png","datePublished":"2021-05-26T08:55:58+00:00","dateModified":"2024-10-22T07:27:56+00:00","description":"Cuando ocurre un conflicto entre un cliente y un editor de videojuegos, desarrollador u otra parte, nuestro conocimiento y experiencia son valiosos.","breadcrumb":{"@id":"https:\/\/lawyer.se\/es\/soluciones-de-conflictos\/#breadcrumb"},"inLanguage":"es","potentialAction":[{"@type":"ReadAction","target":["https:\/\/lawyer.se\/es\/soluciones-de-conflictos\/"]}]},{"@type":"ImageObject","inLanguage":"es","@id":"https:\/\/lawyer.se\/es\/soluciones-de-conflictos\/#primaryimage","url":"https:\/\/lawyer.se\/wp-content\/uploads\/2024\/05\/Group-306.png","contentUrl":"https:\/\/lawyer.se\/wp-content\/uploads\/2024\/05\/Group-306.png"},{"@type":"BreadcrumbList","@id":"https:\/\/lawyer.se\/es\/soluciones-de-conflictos\/#breadcrumb","itemListElement":[{"@type":"ListItem","position":1,"name":"Home","item":"https:\/\/lawyer.se\/es\/"},{"@type":"ListItem","position":2,"name":"Soluciones de Conflictos"}]},{"@type":"WebSite","@id":"https:\/\/lawyer.se\/es\/#website","url":"https:\/\/lawyer.se\/es\/","name":"Video Game Lawyer","description":"","publisher":{"@id":"https:\/\/lawyer.se\/es\/#organization"},"potentialAction":[{"@type":"SearchAction","target":{"@type":"EntryPoint","urlTemplate":"https:\/\/lawyer.se\/es\/?s={search_term_string}"},"query-input":{"@type":"PropertyValueSpecification","valueRequired":true,"valueName":"search_term_string"}}],"inLanguage":"es"},{"@type":"Organization","@id":"https:\/\/lawyer.se\/es\/#organization","name":"Lawyer.se","url":"https:\/\/lawyer.se\/es\/","logo":{"@type":"ImageObject","inLanguage":"es","@id":"https:\/\/lawyer.se\/es\/#\/schema\/logo\/image\/","url":"https:\/\/lawyer.se\/wp-content\/uploads\/2021\/04\/lawyer-logo-2021.png","contentUrl":"https:\/\/lawyer.se\/wp-content\/uploads\/2021\/04\/lawyer-logo-2021.png","width":240,"height":92,"caption":"Lawyer.se"},"image":{"@id":"https:\/\/lawyer.se\/es\/#\/schema\/logo\/image\/"}}]}},"_links":{"self":[{"href":"https:\/\/lawyer.se\/es\/wp-json\/wp\/v2\/pages\/5016","targetHints":{"allow":["GET"]}}],"collection":[{"href":"https:\/\/lawyer.se\/es\/wp-json\/wp\/v2\/pages"}],"about":[{"href":"https:\/\/lawyer.se\/es\/wp-json\/wp\/v2\/types\/page"}],"author":[{"embeddable":true,"href":"https:\/\/lawyer.se\/es\/wp-json\/wp\/v2\/users\/1"}],"replies":[{"embeddable":true,"href":"https:\/\/lawyer.se\/es\/wp-json\/wp\/v2\/comments?post=5016"}],"version-history":[{"count":4,"href":"https:\/\/lawyer.se\/es\/wp-json\/wp\/v2\/pages\/5016\/revisions"}],"predecessor-version":[{"id":5352,"href":"https:\/\/lawyer.se\/es\/wp-json\/wp\/v2\/pages\/5016\/revisions\/5352"}],"wp:attachment":[{"href":"https:\/\/lawyer.se\/es\/wp-json\/wp\/v2\/media?parent=5016"}],"curies":[{"name":"wp","href":"https:\/\/api.w.org\/{rel}","templated":true}]}}